{"id":1045,"date":"2020-12-11T23:33:50","date_gmt":"2020-12-12T04:33:50","guid":{"rendered":"http:\/\/kuanticos.org\/?page_id=1045"},"modified":"2021-05-11T20:30:44","modified_gmt":"2021-05-12T01:30:44","slug":"mi-interpretacion","status":"publish","type":"page","link":"https:\/\/kuanticos.org\/index.php\/mi-interpretacion\/","title":{"rendered":"Mi Interpretaci\u00f3n"},"content":{"rendered":"\t\t<div data-elementor-type=\"wp-page\" data-elementor-id=\"1045\" class=\"elementor elementor-1045\">\n\t\t\t\t\t\t<section class=\"elementor-section elementor-top-section elementor-element elementor-element-6847e69 elementor-section-boxed elementor-section-height-default elementor-section-height-default\" data-id=\"6847e69\" data-element_type=\"section\" data-e-type=\"section\">\n\t\t\t\t\t\t<div class=\"elementor-container elementor-column-gap-default\">\n\t\t\t\t\t<div class=\"elementor-column elementor-col-100 elementor-top-column elementor-element elementor-element-4e466e8\" data-id=\"4e466e8\" data-element_type=\"column\" data-e-type=\"column\">\n\t\t\t<div class=\"elementor-widget-wrap elementor-element-populated\">\n\t\t\t\t\t\t<div class=\"elementor-element elementor-element-8d7349d elementor-widget elementor-widget-text-editor\" data-id=\"8d7349d\" data-element_type=\"widget\" data-e-type=\"widget\" data-widget_type=\"text-editor.default\">\n\t\t\t\t<div class=\"elementor-widget-container\">\n\t\t\t\t\t\t\t\t\t<p><b>TU INTERPRETACI\u00d3N<\/b><\/p>\t\t\t\t\t\t\t\t<\/div>\n\t\t\t\t<\/div>\n\t\t\t\t\t<\/div>\n\t\t<\/div>\n\t\t\t\t\t<\/div>\n\t\t<\/section>\n\t\t\t\t<section class=\"elementor-section elementor-top-section elementor-element elementor-element-e1e4f65 elementor-section-stretched elementor-section-boxed elementor-section-height-default elementor-section-height-default\" data-id=\"e1e4f65\" data-element_type=\"section\" data-e-type=\"section\" data-settings=\"{&quot;background_background&quot;:&quot;classic&quot;,&quot;stretch_section&quot;:&quot;section-stretched&quot;}\">\n\t\t\t\t\t\t<div class=\"elementor-container elementor-column-gap-default\">\n\t\t\t\t\t<div class=\"elementor-column elementor-col-100 elementor-top-column elementor-element elementor-element-e084cc5\" data-id=\"e084cc5\" data-element_type=\"column\" data-e-type=\"column\" data-settings=\"{&quot;background_background&quot;:&quot;gradient&quot;}\">\n\t\t\t<div class=\"elementor-widget-wrap elementor-element-populated\">\n\t\t\t\t\t\t<div class=\"elementor-element elementor-element-5742049 elementor-widget elementor-widget-text-editor\" data-id=\"5742049\" data-element_type=\"widget\" data-e-type=\"widget\" data-widget_type=\"text-editor.default\">\n\t\t\t\t<div class=\"elementor-widget-container\">\n\t\t\t\t\t\t\t\t\t<p><span style=\"color: #ffffff;\">[wpforms id=\u00bb1044&#8243;]<\/span><\/p>\t\t\t\t\t\t\t\t<\/div>\n\t\t\t\t<\/div>\n\t\t\t\t\t<\/div>\n\t\t<\/div>\n\t\t\t\t\t<\/div>\n\t\t<\/section>\n\t\t\t\t<section class=\"elementor-section elementor-top-section elementor-element elementor-element-3e7d671 elementor-section-boxed elementor-section-height-default elementor-section-height-default\" data-id=\"3e7d671\" data-element_type=\"section\" data-e-type=\"section\" data-settings=\"{&quot;background_background&quot;:&quot;classic&quot;}\">\n\t\t\t\t\t\t<div class=\"elementor-container elementor-column-gap-default\">\n\t\t\t\t\t<div class=\"elementor-column elementor-col-100 elementor-top-column elementor-element elementor-element-ed65b8b\" data-id=\"ed65b8b\" data-element_type=\"column\" data-e-type=\"column\">\n\t\t\t<div class=\"elementor-widget-wrap elementor-element-populated\">\n\t\t\t\t\t\t<div class=\"elementor-element elementor-element-3ea3112 elementor-widget-divider--view-line elementor-widget elementor-widget-divider\" data-id=\"3ea3112\" data-element_type=\"widget\" data-e-type=\"widget\" data-widget_type=\"divider.default\">\n\t\t\t\t<div class=\"elementor-widget-container\">\n\t\t\t\t\t\t\t<div class=\"elementor-divider\">\n\t\t\t<span class=\"elementor-divider-separator\">\n\t\t\t\t\t\t<\/span>\n\t\t<\/div>\n\t\t\t\t\t\t<\/div>\n\t\t\t\t<\/div>\n\t\t\t\t\t<\/div>\n\t\t<\/div>\n\t\t\t\t\t<\/div>\n\t\t<\/section>\n\t\t\t\t<\/div>\n\t\t","protected":false},"excerpt":{"rendered":"<p>TU INTERPRETACI\u00d3N [wpforms id=\u00bb1044&#8243;]<\/p>\n","protected":false},"author":1,"featured_media":0,"parent":0,"menu_order":0,"comment_status":"closed","ping_status":"closed","template":"elementor_canvas","meta":{"footnotes":""},"class_list":["post-1045","page","type-page","status-publish","hentry"],"yoast_head":"<!-- This site is optimized with the Yoast SEO plugin v27.4 - https:\/\/yoast.com\/product\/yoast-seo-wordpress\/ -->\n<title>Mi Interpretaci\u00f3n - \u00bfQu\u00e9 so\u00f1aste anoche?<\/title>\n<meta name=\"robots\" content=\"noindex, follow\" \/>\n<meta property=\"og:locale\" content=\"es_ES\" \/>\n<meta property=\"og:type\" content=\"article\" \/>\n<meta property=\"og:title\" content=\"Mi Interpretaci\u00f3n - \u00bfQu\u00e9 so\u00f1aste anoche?\" \/>\n<meta property=\"og:description\" content=\"TU INTERPRETACI\u00d3N [wpforms id=\u00bb1044&#8243;]\" \/>\n<meta property=\"og:url\" content=\"https:\/\/kuanticos.org\/index.php\/mi-interpretacion\/\" \/>\n<meta property=\"og:site_name\" content=\"\u00bfQu\u00e9 so\u00f1aste anoche?\" \/>\n<meta property=\"article:modified_time\" content=\"2021-05-12T01:30:44+00:00\" \/>\n<meta name=\"twitter:card\" content=\"summary_large_image\" \/>\n<script type=\"application\/ld+json\" class=\"yoast-schema-graph\">{\"@context\":\"https:\\\/\\\/schema.org\",\"@graph\":[{\"@type\":\"WebPage\",\"@id\":\"https:\\\/\\\/kuanticos.org\\\/index.php\\\/mi-interpretacion\\\/\",\"url\":\"https:\\\/\\\/kuanticos.org\\\/index.php\\\/mi-interpretacion\\\/\",\"name\":\"Mi Interpretaci\u00f3n - \u00bfQu\u00e9 so\u00f1aste anoche?\",\"isPartOf\":{\"@id\":\"https:\\\/\\\/kuanticos.org\\\/#website\"},\"datePublished\":\"2020-12-12T04:33:50+00:00\",\"dateModified\":\"2021-05-12T01:30:44+00:00\",\"breadcrumb\":{\"@id\":\"https:\\\/\\\/kuanticos.org\\\/index.php\\\/mi-interpretacion\\\/#breadcrumb\"},\"inLanguage\":\"es\",\"potentialAction\":[{\"@type\":\"ReadAction\",\"target\":[\"https:\\\/\\\/kuanticos.org\\\/index.php\\\/mi-interpretacion\\\/\"]}]},{\"@type\":\"BreadcrumbList\",\"@id\":\"https:\\\/\\\/kuanticos.org\\\/index.php\\\/mi-interpretacion\\\/#breadcrumb\",\"itemListElement\":[{\"@type\":\"ListItem\",\"position\":1,\"name\":\"Portada\",\"item\":\"https:\\\/\\\/kuanticos.org\\\/\"},{\"@type\":\"ListItem\",\"position\":2,\"name\":\"Mi Interpretaci\u00f3n\"}]},{\"@type\":\"WebSite\",\"@id\":\"https:\\\/\\\/kuanticos.org\\\/#website\",\"url\":\"https:\\\/\\\/kuanticos.org\\\/\",\"name\":\"\u00bfQu\u00e9 so\u00f1aste anoche?\",\"description\":\"\",\"potentialAction\":[{\"@type\":\"SearchAction\",\"target\":{\"@type\":\"EntryPoint\",\"urlTemplate\":\"https:\\\/\\\/kuanticos.org\\\/?s={search_term_string}\"},\"query-input\":{\"@type\":\"PropertyValueSpecification\",\"valueRequired\":true,\"valueName\":\"search_term_string\"}}],\"inLanguage\":\"es\"}]}<\/script>\n<!-- \/ Yoast SEO plugin. -->","yoast_head_json":{"title":"Mi Interpretaci\u00f3n - \u00bfQu\u00e9 so\u00f1aste anoche?","robots":{"index":"noindex","follow":"follow"},"og_locale":"es_ES","og_type":"article","og_title":"Mi Interpretaci\u00f3n - \u00bfQu\u00e9 so\u00f1aste anoche?","og_description":"TU INTERPRETACI\u00d3N [wpforms id=\u00bb1044&#8243;]","og_url":"https:\/\/kuanticos.org\/index.php\/mi-interpretacion\/","og_site_name":"\u00bfQu\u00e9 so\u00f1aste anoche?","article_modified_time":"2021-05-12T01:30:44+00:00","twitter_card":"summary_large_image","schema":{"@context":"https:\/\/schema.org","@graph":[{"@type":"WebPage","@id":"https:\/\/kuanticos.org\/index.php\/mi-interpretacion\/","url":"https:\/\/kuanticos.org\/index.php\/mi-interpretacion\/","name":"Mi Interpretaci\u00f3n - \u00bfQu\u00e9 so\u00f1aste anoche?","isPartOf":{"@id":"https:\/\/kuanticos.org\/#website"},"datePublished":"2020-12-12T04:33:50+00:00","dateModified":"2021-05-12T01:30:44+00:00","breadcrumb":{"@id":"https:\/\/kuanticos.org\/index.php\/mi-interpretacion\/#breadcrumb"},"inLanguage":"es","potentialAction":[{"@type":"ReadAction","target":["https:\/\/kuanticos.org\/index.php\/mi-interpretacion\/"]}]},{"@type":"BreadcrumbList","@id":"https:\/\/kuanticos.org\/index.php\/mi-interpretacion\/#breadcrumb","itemListElement":[{"@type":"ListItem","position":1,"name":"Portada","item":"https:\/\/kuanticos.org\/"},{"@type":"ListItem","position":2,"name":"Mi Interpretaci\u00f3n"}]},{"@type":"WebSite","@id":"https:\/\/kuanticos.org\/#website","url":"https:\/\/kuanticos.org\/","name":"\u00bfQu\u00e9 so\u00f1aste anoche?","description":"","potentialAction":[{"@type":"SearchAction","target":{"@type":"EntryPoint","urlTemplate":"https:\/\/kuanticos.org\/?s={search_term_string}"},"query-input":{"@type":"PropertyValueSpecification","valueRequired":true,"valueName":"search_term_string"}}],"inLanguage":"es"}]}},"_links":{"self":[{"href":"https:\/\/kuanticos.org\/index.php\/wp-json\/wp\/v2\/pages\/1045","targetHints":{"allow":["GET"]}}],"collection":[{"href":"https:\/\/kuanticos.org\/index.php\/wp-json\/wp\/v2\/pages"}],"about":[{"href":"https:\/\/kuanticos.org\/index.php\/wp-json\/wp\/v2\/types\/page"}],"author":[{"embeddable":true,"href":"https:\/\/kuanticos.org\/index.php\/wp-json\/wp\/v2\/users\/1"}],"replies":[{"embeddable":true,"href":"https:\/\/kuanticos.org\/index.php\/wp-json\/wp\/v2\/comments?post=1045"}],"version-history":[{"count":33,"href":"https:\/\/kuanticos.org\/index.php\/wp-json\/wp\/v2\/pages\/1045\/revisions"}],"predecessor-version":[{"id":4285,"href":"https:\/\/kuanticos.org\/index.php\/wp-json\/wp\/v2\/pages\/1045\/revisions\/4285"}],"wp:attachment":[{"href":"https:\/\/kuanticos.org\/index.php\/wp-json\/wp\/v2\/media?parent=1045"}],"curies":[{"name":"wp","href":"https:\/\/api.w.org\/{rel}","templated":true}]}}