{"id":1969,"date":"2021-03-12T03:07:48","date_gmt":"2021-03-12T08:07:48","guid":{"rendered":"http:\/\/kuanticos.org\/?page_id=1969"},"modified":"2021-05-11T20:36:58","modified_gmt":"2021-05-12T01:36:58","slug":"practica","status":"publish","type":"page","link":"https:\/\/kuanticos.org\/index.php\/practica\/","title":{"rendered":"Practica"},"content":{"rendered":"\t\t<div data-elementor-type=\"wp-page\" data-elementor-id=\"1969\" class=\"elementor elementor-1969\">\n\t\t\t\t\t\t<section class=\"elementor-section elementor-top-section elementor-element elementor-element-4854860 elementor-section-boxed elementor-section-height-default elementor-section-height-default\" data-id=\"4854860\" data-element_type=\"section\" data-e-type=\"section\" data-settings=\"{&quot;background_background&quot;:&quot;classic&quot;}\">\n\t\t\t\t\t\t\t<div class=\"elementor-background-overlay\"><\/div>\n\t\t\t\t\t\t\t<div class=\"elementor-container elementor-column-gap-default\">\n\t\t\t\t\t<div class=\"elementor-column elementor-col-100 elementor-top-column elementor-element elementor-element-009dd0b\" data-id=\"009dd0b\" data-element_type=\"column\" data-e-type=\"column\">\n\t\t\t<div class=\"elementor-widget-wrap elementor-element-populated\">\n\t\t\t\t\t\t<div class=\"elementor-element elementor-element-703df86 elementor-widget elementor-widget-text-editor\" data-id=\"703df86\" data-element_type=\"widget\" data-e-type=\"widget\" data-widget_type=\"text-editor.default\">\n\t\t\t\t<div class=\"elementor-widget-container\">\n\t\t\t\t\t\t\t\t\t<p>INTERPRETACI\u00d3N <\/p>\t\t\t\t\t\t\t\t<\/div>\n\t\t\t\t<\/div>\n\t\t\t\t<div class=\"elementor-element elementor-element-4358dbb elementor-widget elementor-widget-text-editor\" data-id=\"4358dbb\" data-element_type=\"widget\" data-e-type=\"widget\" data-widget_type=\"text-editor.default\">\n\t\t\t\t<div class=\"elementor-widget-container\">\n\t\t\t\t\t\t\t\t\t<p>Para que logres un avance&nbsp; mayor realiza de nuevo la pr\u00e1ctica<\/p>\t\t\t\t\t\t\t\t<\/div>\n\t\t\t\t<\/div>\n\t\t\t\t<div class=\"elementor-element elementor-element-d64c1be elementor-widget elementor-widget-image\" data-id=\"d64c1be\" data-element_type=\"widget\" data-e-type=\"widget\" data-widget_type=\"image.default\">\n\t\t\t\t<div class=\"elementor-widget-container\">\n\t\t\t\t\t\t\t\t\t\t\t\t\t\t\t<img fetchpriority=\"high\" decoding=\"async\" width=\"256\" height=\"300\" src=\"https:\/\/kuanticos.org\/wp-content\/uploads\/2021\/02\/1reloj-256x300.gif\" class=\"attachment-medium size-medium wp-image-1758\" alt=\"\" \/>\t\t\t\t\t\t\t\t\t\t\t\t\t\t\t<\/div>\n\t\t\t\t<\/div>\n\t\t\t\t<div class=\"elementor-element elementor-element-0f6fb3a elementor-widget elementor-widget-text-editor\" data-id=\"0f6fb3a\" data-element_type=\"widget\" data-e-type=\"widget\" data-widget_type=\"text-editor.default\">\n\t\t\t\t<div class=\"elementor-widget-container\">\n\t\t\t\t\t\t\t\t\t<p>\u00bfQu\u00e9 vas a hacer? <br \/>Vas a ejecutar una sesi\u00f3n de contacto \u00edntimo con tu verdadero ser.<\/p><p>\u00bfC\u00f3mo lo vas a hacer? <br \/>Te recrear\u00e1s en la experiencia de tu sue\u00f1o, como si fuera un juego de tu infancia, en el que dejas volar la imaginaci\u00f3n.<\/p><p>Hora de realizaci\u00f3n. <br \/>Cuando te sientas en disposici\u00f3n y creas que es el momento para hacerlo.<\/p>\t\t\t\t\t\t\t\t<\/div>\n\t\t\t\t<\/div>\n\t\t\t\t<div class=\"elementor-element elementor-element-c0b1d56 elementor-widget elementor-widget-image\" data-id=\"c0b1d56\" data-element_type=\"widget\" data-e-type=\"widget\" data-widget_type=\"image.default\">\n\t\t\t\t<div class=\"elementor-widget-container\">\n\t\t\t\t\t\t\t\t\t\t\t\t\t\t\t<img decoding=\"async\" width=\"249\" height=\"300\" src=\"https:\/\/kuanticos.org\/wp-content\/uploads\/2021\/02\/mielpalap-249x300.png\" class=\"attachment-medium size-medium wp-image-1895\" alt=\"\" srcset=\"https:\/\/kuanticos.org\/wp-content\/uploads\/2021\/02\/mielpalap-249x300.png 249w, https:\/\/kuanticos.org\/wp-content\/uploads\/2021\/02\/mielpalap.png 432w\" sizes=\"(max-width: 249px) 100vw, 249px\" \/>\t\t\t\t\t\t\t\t\t\t\t\t\t\t\t<\/div>\n\t\t\t\t<\/div>\n\t\t\t\t<div class=\"elementor-element elementor-element-8639ec6 elementor-widget elementor-widget-text-editor\" data-id=\"8639ec6\" data-element_type=\"widget\" data-e-type=\"widget\" data-widget_type=\"text-editor.default\">\n\t\t\t\t<div class=\"elementor-widget-container\">\n\t\t\t\t\t\t\t\t\t<p>Para un mejor resultado consigue miel de abejas, papel y l\u00e1piz.<\/p><p>Procedimiento:<br \/>Bajo la lengua, \u00fantate un poquito de miel de abejas.<\/p><p>Con tu energ\u00eda realiza la unci\u00f3n de tu l\u00e1piz:<br \/>T\u00f3malo por su cabeza con tu mano izquierda, y con los dedos \u00edndice y pulgar de tu mano derecha, fr\u00f3talo de arriba hacia abajo.<\/p><p>Luego, t\u00f3malo por la punta y has lo mismo con tu mano izquierda.<\/p>\t\t\t\t\t\t\t\t<\/div>\n\t\t\t\t<\/div>\n\t\t\t\t<div class=\"elementor-element elementor-element-a3d00eb elementor-widget elementor-widget-image\" data-id=\"a3d00eb\" data-element_type=\"widget\" data-e-type=\"widget\" data-widget_type=\"image.default\">\n\t\t\t\t<div class=\"elementor-widget-container\">\n\t\t\t\t\t\t\t\t\t\t\t\t\t\t\t<img decoding=\"async\" width=\"580\" height=\"351\" src=\"https:\/\/kuanticos.org\/wp-content\/uploads\/2021\/02\/1piensa-1.png\" class=\"attachment-large size-large wp-image-1893\" alt=\"\" srcset=\"https:\/\/kuanticos.org\/wp-content\/uploads\/2021\/02\/1piensa-1.png 591w, https:\/\/kuanticos.org\/wp-content\/uploads\/2021\/02\/1piensa-1-450x273.png 450w, https:\/\/kuanticos.org\/wp-content\/uploads\/2021\/02\/1piensa-1-300x182.png 300w\" sizes=\"(max-width: 580px) 100vw, 580px\" \/>\t\t\t\t\t\t\t\t\t\t\t\t\t\t\t<\/div>\n\t\t\t\t<\/div>\n\t\t\t\t<div class=\"elementor-element elementor-element-cf555d7 elementor-widget elementor-widget-text-editor\" data-id=\"cf555d7\" data-element_type=\"widget\" data-e-type=\"widget\" data-widget_type=\"text-editor.default\">\n\t\t\t\t<div class=\"elementor-widget-container\">\n\t\t\t\t\t\t\t\t\t<p>ELIGE UN LUGAR TRANQUILO Y ADOPTA UNA POSICI\u00d3N C\u00d3MODA<\/p>\t\t\t\t\t\t\t\t<\/div>\n\t\t\t\t<\/div>\n\t\t\t\t<div class=\"elementor-element elementor-element-086bada elementor-widget elementor-widget-text-editor\" data-id=\"086bada\" data-element_type=\"widget\" data-e-type=\"widget\" data-widget_type=\"text-editor.default\">\n\t\t\t\t<div class=\"elementor-widget-container\">\n\t\t\t\t\t\t\t\t\t<p>ABRE LA SESI\u00d3N<\/p>\n<p>Controla tu respiraci\u00f3n y procede en tres tiempos a relajarte as\u00ed:<\/p>\n<ul>\n<li>&nbsp; Por tu nariz, toma aire muy despacio. <\/li>\n<li>Piensa que inunda todo tu cuerpo hasta llegar a las plantas&nbsp; de tus pies. <\/li>\n<li>Luego, golpea en ellas y se devuelve para salir por tu boca. <\/li>\n<li>Repite esta forma de respiraci\u00f3n tres veces.<\/li>\n<\/ul>\t\t\t\t\t\t\t\t<\/div>\n\t\t\t\t<\/div>\n\t\t\t\t<div class=\"elementor-element elementor-element-c676018 elementor-widget elementor-widget-text-editor\" data-id=\"c676018\" data-element_type=\"widget\" data-e-type=\"widget\" data-widget_type=\"text-editor.default\">\n\t\t\t\t<div class=\"elementor-widget-container\">\n\t\t\t\t\t\t\t\t\t<p style=\"text-align: left;\">IDENTIF\u00cdCATE ANTE EL COSMOS<\/p><p>Con voz suave repite:<\/p><ul><li>Yo Soy, (<u>pronuncia tu nombre)<\/u>, y por medio de esta sesi\u00f3n, contacto a mi Maestro Interno para develar el mensaje de mi sue\u00f1o.<\/li><li>Mentalmente y sin esfuerzo, juega a recordar el sue\u00f1o que nos has relatado y gozate ese instante. \u00a0<\/li><li>T\u00fa eres el personaje central y toda la escena de tu sue\u00f1o se desarrolla en torno tuyo.<\/li><\/ul><p>\u00a0<\/p>\t\t\t\t\t\t\t\t<\/div>\n\t\t\t\t<\/div>\n\t\t\t\t<div class=\"elementor-element elementor-element-6c86dd8 elementor-widget elementor-widget-text-editor\" data-id=\"6c86dd8\" data-element_type=\"widget\" data-e-type=\"widget\" data-widget_type=\"text-editor.default\">\n\t\t\t\t<div class=\"elementor-widget-container\">\n\t\t\t\t\t\t\t\t\t<p style=\"text-align: left;\">INICIA LA INTERPRETACI\u00d3N<\/p><p>En la compleja dimensi\u00f3n de los sue\u00f1os, estos nunca se podr\u00e1n enmarcar en un lugar determinado. <br \/>El sue\u00f1o en cada humano es \u00fanico y puede suceder en diferentes e infinitos lugares, presentar variados elementos m\u00faltiples im\u00e1genes y<br \/>situaciones, lo que importa es que tengas en cuenta los siguientes aspectos.<\/p><ul><li>El escenario y su ambientaci\u00f3n.<\/li><li>Tu participaci\u00f3n en \u00e9l.<\/li><li>Los personajes que intervienen.<\/li><li>Los animales.<\/li><li>Los objetos y las cosas.<\/li><\/ul>\t\t\t\t\t\t\t\t<\/div>\n\t\t\t\t<\/div>\n\t\t\t\t<div class=\"elementor-element elementor-element-9b94d37 elementor-widget elementor-widget-text-editor\" data-id=\"9b94d37\" data-element_type=\"widget\" data-e-type=\"widget\" data-widget_type=\"text-editor.default\">\n\t\t\t\t<div class=\"elementor-widget-container\">\n\t\t\t\t\t\t\t\t\t<p>INTERR\u00d3GATE\u00a0 Y DEDUCE\u00a0<\/p><p>Ser\u00e1 que tu sue\u00f1o sucede por (entre otros) algunos de los siguientes motivos?<\/p><ul><li>Tus estados de \u00e1nimo y emocionales\u00a0 relacionados con\u00a0 tu salud, el dinero o el amor,\u00a0 aspectos que conforman tu tri\u00e1ngulo de armon\u00eda y equilibrio personal.<\/li><li>Sucesos\u00a0 de vida impactantes pasados o presentes.<\/li><li>El deseo de cambiar tu forma de vida y lograr\u00a0 un futuro mejor.<\/li><li>Tus deseos de realizar una actividad, cumplir un objetivo, salir de una situaci\u00f3n dif\u00edcil o de que suceda algo.<\/li><li>La represi\u00f3n de tus deseos y de la libre expresi\u00f3n de tus grandes cualidades como ser humano.<\/li><li>Tu relaci\u00f3n f\u00edsica, ps\u00edquica, mental, espiritual con otras personas o seres vivos.<\/li><\/ul>\t\t\t\t\t\t\t\t<\/div>\n\t\t\t\t<\/div>\n\t\t\t\t<div class=\"elementor-element elementor-element-f64f317 elementor-widget elementor-widget-text-editor\" data-id=\"f64f317\" data-element_type=\"widget\" data-e-type=\"widget\" data-widget_type=\"text-editor.default\">\n\t\t\t\t<div class=\"elementor-widget-container\">\n\t\t\t\t\t\t\t\t\t<p>Ahora,\u00a0 escribe el mensaje que llega a tu mente y obtendr\u00e1s la respuesta.<\/p>\t\t\t\t\t\t\t\t<\/div>\n\t\t\t\t<\/div>\n\t\t\t\t<div class=\"elementor-element elementor-element-6c5d3c2 elementor-widget elementor-widget-text-editor\" data-id=\"6c5d3c2\" data-element_type=\"widget\" data-e-type=\"widget\" data-widget_type=\"text-editor.default\">\n\t\t\t\t<div class=\"elementor-widget-container\">\n\t\t\t\t\t\t\t\t\t<p style=\"text-align: left;\">CIERRA LA SESI\u00d3N<\/p><p>Controla tu respiraci\u00f3n y procede en tres tiempos a relajarte as\u00ed:<\/p><ul><li>\u00a0 Por tu nariz, toma aire muy despacio. <\/li><li>Piensa que inunda todo tu cuerpo hasta llegar a las plantas\u00a0 de tus pies. <\/li><li>Luego, golpea en ellas y se devuelve para salir por tu boca. <\/li><li>Repite esta forma de respiraci\u00f3n tres veces.<\/li><\/ul>\t\t\t\t\t\t\t\t<\/div>\n\t\t\t\t<\/div>\n\t\t\t\t<div class=\"elementor-element elementor-element-f03e5f2 elementor-widget elementor-widget-text-editor\" data-id=\"f03e5f2\" data-element_type=\"widget\" data-e-type=\"widget\" data-widget_type=\"text-editor.default\">\n\t\t\t\t<div class=\"elementor-widget-container\">\n\t\t\t\t\t\t\t\t\t<p>MANOS A LA OBRA<\/p><p>Cuando entiendas el significado del mensaje, no lo dudes, realiza la acci\u00f3n que corresponda.<\/p><p>Acepta la gu\u00eda los consejos y directrices recibidas y para tu bien cambiar\u00e1s el destino.<\/p><p>Frente a una toma de decisiones, cambia tu forma de actuar o si tienes dudas, espera un tiempo o no realices lo que estas pensando.<\/p><p>Crea, cambia, emprende, act\u00faa o eval\u00faa tus proyectos.<\/p><p>.Toma decisiones inmediatas si tu mensaje est\u00e1 relacionado con aspectos de la salud.<\/p><p>En asuntos del amor, atiende el mensaje que recibes y sabr\u00e1s que hacer o lograr\u00e1s descifrar lo que est\u00e1 pasando, en este caso ay\u00fadate con tus corazonadas y sobre todo act\u00faa con la raz\u00f3n.<\/p><p>Visita, contacta o habla con quien sientas que tienes algo que decirle.<\/p><p>En lo concerniente a tu dinero, inversiones o negocios, pr\u00e9stale mucha atenci\u00f3n a su significado y todo ser\u00e1 para tu beneficio.<\/p>\t\t\t\t\t\t\t\t<\/div>\n\t\t\t\t<\/div>\n\t\t\t\t<div class=\"elementor-element elementor-element-0770434 elementor-widget elementor-widget-text-editor\" data-id=\"0770434\" data-element_type=\"widget\" data-e-type=\"widget\" data-widget_type=\"text-editor.default\">\n\t\t\t\t<div class=\"elementor-widget-container\">\n\t\t\t\t\t\t\t\t\t<p>DE NUEVO TE PREGUNTO: <br \/>\u00bfTE FUE F\u00c1CIL INTERPRETAR TU SUE\u00d1O?<\/p>\t\t\t\t\t\t\t\t<\/div>\n\t\t\t\t<\/div>\n\t\t\t\t<section class=\"elementor-section elementor-inner-section elementor-element elementor-element-f9f9bed elementor-section-boxed elementor-section-height-default elementor-section-height-default\" data-id=\"f9f9bed\" data-element_type=\"section\" data-e-type=\"section\">\n\t\t\t\t\t\t<div class=\"elementor-container elementor-column-gap-default\">\n\t\t\t\t\t<div class=\"elementor-column elementor-col-50 elementor-inner-column elementor-element elementor-element-93da7f5\" data-id=\"93da7f5\" data-element_type=\"column\" data-e-type=\"column\">\n\t\t\t<div class=\"elementor-widget-wrap elementor-element-populated\">\n\t\t\t\t\t\t<div class=\"elementor-element elementor-element-d8406c3 elementor-align-center elementor-widget elementor-widget-button\" data-id=\"d8406c3\" data-element_type=\"widget\" data-e-type=\"widget\" data-widget_type=\"button.default\">\n\t\t\t\t<div class=\"elementor-widget-container\">\n\t\t\t\t\t\t\t\t\t<div class=\"elementor-button-wrapper\">\n\t\t\t\t\t<a class=\"elementor-button elementor-button-link elementor-size-sm\" href=\"http:\/\/kuanticos.org\/index.php\/mi-interpretacion\/\">\n\t\t\t\t\t\t<span class=\"elementor-button-content-wrapper\">\n\t\t\t\t\t\t\t\t\t<span class=\"elementor-button-text\">Cu\u00e9ntame el mensaje que recibiste<\/span>\n\t\t\t\t\t<\/span>\n\t\t\t\t\t<\/a>\n\t\t\t\t<\/div>\n\t\t\t\t\t\t\t\t<\/div>\n\t\t\t\t<\/div>\n\t\t\t\t\t<\/div>\n\t\t<\/div>\n\t\t\t\t<div class=\"elementor-column elementor-col-50 elementor-inner-column elementor-element elementor-element-ef994be\" data-id=\"ef994be\" data-element_type=\"column\" data-e-type=\"column\">\n\t\t\t<div class=\"elementor-widget-wrap elementor-element-populated\">\n\t\t\t\t\t\t<div class=\"elementor-element elementor-element-e2f2b53 elementor-align-center elementor-widget elementor-widget-button\" data-id=\"e2f2b53\" data-element_type=\"widget\" data-e-type=\"widget\" data-widget_type=\"button.default\">\n\t\t\t\t<div class=\"elementor-widget-container\">\n\t\t\t\t\t\t\t\t\t<div class=\"elementor-button-wrapper\">\n\t\t\t\t\t<a class=\"elementor-button elementor-button-link elementor-size-sm\" href=\"http:\/\/kuanticos.org\/index.php\/orden-de-interpretacion\/\">\n\t\t\t\t\t\t<span class=\"elementor-button-content-wrapper\">\n\t\t\t\t\t\t\t\t\t<span class=\"elementor-button-text\">Deja que yo sea el int\u00e9rprete <br>de tu sue\u00f1o<\/span>\n\t\t\t\t\t<\/span>\n\t\t\t\t\t<\/a>\n\t\t\t\t<\/div>\n\t\t\t\t\t\t\t\t<\/div>\n\t\t\t\t<\/div>\n\t\t\t\t\t<\/div>\n\t\t<\/div>\n\t\t\t\t\t<\/div>\n\t\t<\/section>\n\t\t\t\t\t<\/div>\n\t\t<\/div>\n\t\t\t\t\t<\/div>\n\t\t<\/section>\n\t\t\t\t<section class=\"elementor-section elementor-top-section elementor-element elementor-element-3b7db39 elementor-section-boxed elementor-section-height-default elementor-section-height-default\" data-id=\"3b7db39\" data-element_type=\"section\" data-e-type=\"section\">\n\t\t\t\t\t\t<div class=\"elementor-container elementor-column-gap-default\">\n\t\t\t\t\t<div class=\"elementor-column elementor-col-100 elementor-top-column elementor-element elementor-element-1c76a61\" data-id=\"1c76a61\" data-element_type=\"column\" data-e-type=\"column\">\n\t\t\t<div class=\"elementor-widget-wrap elementor-element-populated\">\n\t\t\t\t\t\t<section class=\"elementor-section elementor-inner-section elementor-element elementor-element-e0223c5 elementor-section-boxed elementor-section-height-default elementor-section-height-default\" data-id=\"e0223c5\" data-element_type=\"section\" data-e-type=\"section\">\n\t\t\t\t\t\t<div class=\"elementor-container elementor-column-gap-default\">\n\t\t\t\t\t<div class=\"elementor-column elementor-col-50 elementor-inner-column elementor-element elementor-element-3cbe299\" data-id=\"3cbe299\" data-element_type=\"column\" data-e-type=\"column\">\n\t\t\t<div class=\"elementor-widget-wrap\">\n\t\t\t\t\t\t\t<\/div>\n\t\t<\/div>\n\t\t\t\t<div class=\"elementor-column elementor-col-50 elementor-inner-column elementor-element elementor-element-b54e688\" data-id=\"b54e688\" data-element_type=\"column\" data-e-type=\"column\">\n\t\t\t<div class=\"elementor-widget-wrap\">\n\t\t\t\t\t\t\t<\/div>\n\t\t<\/div>\n\t\t\t\t\t<\/div>\n\t\t<\/section>\n\t\t\t\t\t<\/div>\n\t\t<\/div>\n\t\t\t\t\t<\/div>\n\t\t<\/section>\n\t\t\t\t<\/div>\n\t\t","protected":false},"excerpt":{"rendered":"<p>INTERPRETACI\u00d3N Para que logres un avance&nbsp; mayor realiza de nuevo la pr\u00e1ctica \u00bfQu\u00e9 vas a hacer? Vas a ejecutar una sesi\u00f3n de contacto \u00edntimo con tu verdadero ser. \u00bfC\u00f3mo lo vas a hacer? Te recrear\u00e1s en la experiencia de tu sue\u00f1o, como si fuera un juego de tu infancia, en el que dejas volar la [&hellip;]<\/p>\n","protected":false},"author":1,"featured_media":0,"parent":0,"menu_order":0,"comment_status":"closed","ping_status":"closed","template":"elementor_header_footer","meta":{"footnotes":""},"class_list":["post-1969","page","type-page","status-publish","hentry"],"yoast_head":"<!-- This site is optimized with the Yoast SEO plugin v27.4 - https:\/\/yoast.com\/product\/yoast-seo-wordpress\/ -->\n<title>Practica - \u00bfQu\u00e9 so\u00f1aste anoche?<\/title>\n<meta name=\"robots\" content=\"noindex, follow\" \/>\n<meta property=\"og:locale\" content=\"es_ES\" \/>\n<meta property=\"og:type\" content=\"article\" \/>\n<meta property=\"og:title\" content=\"Practica - \u00bfQu\u00e9 so\u00f1aste anoche?\" \/>\n<meta property=\"og:description\" content=\"INTERPRETACI\u00d3N Para que logres un avance&nbsp; mayor realiza de nuevo la pr\u00e1ctica \u00bfQu\u00e9 vas a hacer? Vas a ejecutar una sesi\u00f3n de contacto \u00edntimo con tu verdadero ser. \u00bfC\u00f3mo lo vas a hacer? Te recrear\u00e1s en la experiencia de tu sue\u00f1o, como si fuera un juego de tu infancia, en el que dejas volar la [&hellip;]\" \/>\n<meta property=\"og:url\" content=\"https:\/\/kuanticos.org\/index.php\/practica\/\" \/>\n<meta property=\"og:site_name\" content=\"\u00bfQu\u00e9 so\u00f1aste anoche?\" \/>\n<meta property=\"article:modified_time\" content=\"2021-05-12T01:36:58+00:00\" \/>\n<meta property=\"og:image\" content=\"http:\/\/kuanticos.org\/wp-content\/uploads\/2021\/02\/1reloj-256x300.gif\" \/>\n<meta name=\"twitter:card\" content=\"summary_large_image\" \/>\n<meta name=\"twitter:label1\" content=\"Tiempo de lectura\" \/>\n\t<meta name=\"twitter:data1\" content=\"4 minutos\" \/>\n<script type=\"application\/ld+json\" class=\"yoast-schema-graph\">{\"@context\":\"https:\\\/\\\/schema.org\",\"@graph\":[{\"@type\":\"WebPage\",\"@id\":\"https:\\\/\\\/kuanticos.org\\\/index.php\\\/practica\\\/\",\"url\":\"https:\\\/\\\/kuanticos.org\\\/index.php\\\/practica\\\/\",\"name\":\"Practica - \u00bfQu\u00e9 so\u00f1aste anoche?\",\"isPartOf\":{\"@id\":\"https:\\\/\\\/kuanticos.org\\\/#website\"},\"primaryImageOfPage\":{\"@id\":\"https:\\\/\\\/kuanticos.org\\\/index.php\\\/practica\\\/#primaryimage\"},\"image\":{\"@id\":\"https:\\\/\\\/kuanticos.org\\\/index.php\\\/practica\\\/#primaryimage\"},\"thumbnailUrl\":\"http:\\\/\\\/kuanticos.org\\\/wp-content\\\/uploads\\\/2021\\\/02\\\/1reloj-256x300.gif\",\"datePublished\":\"2021-03-12T08:07:48+00:00\",\"dateModified\":\"2021-05-12T01:36:58+00:00\",\"breadcrumb\":{\"@id\":\"https:\\\/\\\/kuanticos.org\\\/index.php\\\/practica\\\/#breadcrumb\"},\"inLanguage\":\"es\",\"potentialAction\":[{\"@type\":\"ReadAction\",\"target\":[\"https:\\\/\\\/kuanticos.org\\\/index.php\\\/practica\\\/\"]}]},{\"@type\":\"ImageObject\",\"inLanguage\":\"es\",\"@id\":\"https:\\\/\\\/kuanticos.org\\\/index.php\\\/practica\\\/#primaryimage\",\"url\":\"http:\\\/\\\/kuanticos.org\\\/wp-content\\\/uploads\\\/2021\\\/02\\\/1reloj-256x300.gif\",\"contentUrl\":\"http:\\\/\\\/kuanticos.org\\\/wp-content\\\/uploads\\\/2021\\\/02\\\/1reloj-256x300.gif\"},{\"@type\":\"BreadcrumbList\",\"@id\":\"https:\\\/\\\/kuanticos.org\\\/index.php\\\/practica\\\/#breadcrumb\",\"itemListElement\":[{\"@type\":\"ListItem\",\"position\":1,\"name\":\"Portada\",\"item\":\"https:\\\/\\\/kuanticos.org\\\/\"},{\"@type\":\"ListItem\",\"position\":2,\"name\":\"Practica\"}]},{\"@type\":\"WebSite\",\"@id\":\"https:\\\/\\\/kuanticos.org\\\/#website\",\"url\":\"https:\\\/\\\/kuanticos.org\\\/\",\"name\":\"\u00bfQu\u00e9 so\u00f1aste anoche?\",\"description\":\"\",\"potentialAction\":[{\"@type\":\"SearchAction\",\"target\":{\"@type\":\"EntryPoint\",\"urlTemplate\":\"https:\\\/\\\/kuanticos.org\\\/?s={search_term_string}\"},\"query-input\":{\"@type\":\"PropertyValueSpecification\",\"valueRequired\":true,\"valueName\":\"search_term_string\"}}],\"inLanguage\":\"es\"}]}<\/script>\n<!-- \/ Yoast SEO plugin. -->","yoast_head_json":{"title":"Practica - \u00bfQu\u00e9 so\u00f1aste anoche?","robots":{"index":"noindex","follow":"follow"},"og_locale":"es_ES","og_type":"article","og_title":"Practica - \u00bfQu\u00e9 so\u00f1aste anoche?","og_description":"INTERPRETACI\u00d3N Para que logres un avance&nbsp; mayor realiza de nuevo la pr\u00e1ctica \u00bfQu\u00e9 vas a hacer? Vas a ejecutar una sesi\u00f3n de contacto \u00edntimo con tu verdadero ser. \u00bfC\u00f3mo lo vas a hacer? Te recrear\u00e1s en la experiencia de tu sue\u00f1o, como si fuera un juego de tu infancia, en el que dejas volar la [&hellip;]","og_url":"https:\/\/kuanticos.org\/index.php\/practica\/","og_site_name":"\u00bfQu\u00e9 so\u00f1aste anoche?","article_modified_time":"2021-05-12T01:36:58+00:00","og_image":[{"url":"http:\/\/kuanticos.org\/wp-content\/uploads\/2021\/02\/1reloj-256x300.gif","type":"","width":"","height":""}],"twitter_card":"summary_large_image","twitter_misc":{"Tiempo de lectura":"4 minutos"},"schema":{"@context":"https:\/\/schema.org","@graph":[{"@type":"WebPage","@id":"https:\/\/kuanticos.org\/index.php\/practica\/","url":"https:\/\/kuanticos.org\/index.php\/practica\/","name":"Practica - \u00bfQu\u00e9 so\u00f1aste anoche?","isPartOf":{"@id":"https:\/\/kuanticos.org\/#website"},"primaryImageOfPage":{"@id":"https:\/\/kuanticos.org\/index.php\/practica\/#primaryimage"},"image":{"@id":"https:\/\/kuanticos.org\/index.php\/practica\/#primaryimage"},"thumbnailUrl":"http:\/\/kuanticos.org\/wp-content\/uploads\/2021\/02\/1reloj-256x300.gif","datePublished":"2021-03-12T08:07:48+00:00","dateModified":"2021-05-12T01:36:58+00:00","breadcrumb":{"@id":"https:\/\/kuanticos.org\/index.php\/practica\/#breadcrumb"},"inLanguage":"es","potentialAction":[{"@type":"ReadAction","target":["https:\/\/kuanticos.org\/index.php\/practica\/"]}]},{"@type":"ImageObject","inLanguage":"es","@id":"https:\/\/kuanticos.org\/index.php\/practica\/#primaryimage","url":"http:\/\/kuanticos.org\/wp-content\/uploads\/2021\/02\/1reloj-256x300.gif","contentUrl":"http:\/\/kuanticos.org\/wp-content\/uploads\/2021\/02\/1reloj-256x300.gif"},{"@type":"BreadcrumbList","@id":"https:\/\/kuanticos.org\/index.php\/practica\/#breadcrumb","itemListElement":[{"@type":"ListItem","position":1,"name":"Portada","item":"https:\/\/kuanticos.org\/"},{"@type":"ListItem","position":2,"name":"Practica"}]},{"@type":"WebSite","@id":"https:\/\/kuanticos.org\/#website","url":"https:\/\/kuanticos.org\/","name":"\u00bfQu\u00e9 so\u00f1aste anoche?","description":"","potentialAction":[{"@type":"SearchAction","target":{"@type":"EntryPoint","urlTemplate":"https:\/\/kuanticos.org\/?s={search_term_string}"},"query-input":{"@type":"PropertyValueSpecification","valueRequired":true,"valueName":"search_term_string"}}],"inLanguage":"es"}]}},"_links":{"self":[{"href":"https:\/\/kuanticos.org\/index.php\/wp-json\/wp\/v2\/pages\/1969","targetHints":{"allow":["GET"]}}],"collection":[{"href":"https:\/\/kuanticos.org\/index.php\/wp-json\/wp\/v2\/pages"}],"about":[{"href":"https:\/\/kuanticos.org\/index.php\/wp-json\/wp\/v2\/types\/page"}],"author":[{"embeddable":true,"href":"https:\/\/kuanticos.org\/index.php\/wp-json\/wp\/v2\/users\/1"}],"replies":[{"embeddable":true,"href":"https:\/\/kuanticos.org\/index.php\/wp-json\/wp\/v2\/comments?post=1969"}],"version-history":[{"count":62,"href":"https:\/\/kuanticos.org\/index.php\/wp-json\/wp\/v2\/pages\/1969\/revisions"}],"predecessor-version":[{"id":3857,"href":"https:\/\/kuanticos.org\/index.php\/wp-json\/wp\/v2\/pages\/1969\/revisions\/3857"}],"wp:attachment":[{"href":"https:\/\/kuanticos.org\/index.php\/wp-json\/wp\/v2\/media?parent=1969"}],"curies":[{"name":"wp","href":"https:\/\/api.w.org\/{rel}","templated":true}]}}