{"id":2102,"date":"2021-03-13T17:35:15","date_gmt":"2021-03-13T22:35:15","guid":{"rendered":"http:\/\/kuanticos.org\/?page_id=2102"},"modified":"2021-04-01T19:29:10","modified_gmt":"2021-04-02T00:29:10","slug":"orden-de-interpretacion","status":"publish","type":"page","link":"https:\/\/kuanticos.org\/index.php\/orden-de-interpretacion\/","title":{"rendered":"Orden de interpretaci\u00f3n"},"content":{"rendered":"\t\t<div data-elementor-type=\"wp-page\" data-elementor-id=\"2102\" class=\"elementor elementor-2102\">\n\t\t\t\t\t\t<section class=\"elementor-section elementor-top-section elementor-element elementor-element-2091aac elementor-section-boxed elementor-section-height-default elementor-section-height-default\" data-id=\"2091aac\" data-element_type=\"section\" data-e-type=\"section\">\n\t\t\t\t\t\t<div class=\"elementor-container elementor-column-gap-default\">\n\t\t\t\t\t<div class=\"elementor-column elementor-col-100 elementor-top-column elementor-element elementor-element-062573b\" data-id=\"062573b\" data-element_type=\"column\" data-e-type=\"column\">\n\t\t\t<div class=\"elementor-widget-wrap elementor-element-populated\">\n\t\t\t\t\t\t<div class=\"elementor-element elementor-element-c590857 elementor-widget elementor-widget-text-editor\" data-id=\"c590857\" data-element_type=\"widget\" data-e-type=\"widget\" data-widget_type=\"text-editor.default\">\n\t\t\t\t<div class=\"elementor-widget-container\">\n\t\t\t\t\t\t\t\t\t<p>ORDEN DE INTERPRETACI\u00d3N<\/p>\t\t\t\t\t\t\t\t<\/div>\n\t\t\t\t<\/div>\n\t\t\t\t\t<\/div>\n\t\t<\/div>\n\t\t\t\t\t<\/div>\n\t\t<\/section>\n\t\t\t\t<section class=\"elementor-section elementor-top-section elementor-element elementor-element-f1f03d5 elementor-section-boxed elementor-section-height-default elementor-section-height-default\" data-id=\"f1f03d5\" data-element_type=\"section\" data-e-type=\"section\" data-settings=\"{&quot;background_background&quot;:&quot;classic&quot;}\">\n\t\t\t\t\t\t<div class=\"elementor-container elementor-column-gap-default\">\n\t\t\t\t\t<div class=\"elementor-column elementor-col-100 elementor-top-column elementor-element elementor-element-0530a1f\" data-id=\"0530a1f\" data-element_type=\"column\" data-e-type=\"column\">\n\t\t\t<div class=\"elementor-widget-wrap elementor-element-populated\">\n\t\t\t\t\t\t<div class=\"elementor-element elementor-element-169a414 elementor-widget elementor-widget-text-editor\" data-id=\"169a414\" data-element_type=\"widget\" data-e-type=\"widget\" data-widget_type=\"text-editor.default\">\n\t\t\t\t<div class=\"elementor-widget-container\">\n\t\t\t\t\t\t\t\t\t<p><strong>[wpforms id=\u00bb2449&#8243;]<\/strong><\/p>\t\t\t\t\t\t\t\t<\/div>\n\t\t\t\t<\/div>\n\t\t\t\t\t<\/div>\n\t\t<\/div>\n\t\t\t\t\t<\/div>\n\t\t<\/section>\n\t\t\t\t<\/div>\n\t\t","protected":false},"excerpt":{"rendered":"<p>ORDEN DE INTERPRETACI\u00d3N [wpforms id=\u00bb2449&#8243;]<\/p>\n","protected":false},"author":1,"featured_media":0,"parent":0,"menu_order":0,"comment_status":"closed","ping_status":"closed","template":"elementor_canvas","meta":{"footnotes":""},"class_list":["post-2102","page","type-page","status-publish","hentry"],"yoast_head":"<!-- This site is optimized with the Yoast SEO plugin v27.4 - https:\/\/yoast.com\/product\/yoast-seo-wordpress\/ -->\n<title>Orden de interpretaci\u00f3n - \u00bfQu\u00e9 so\u00f1aste anoche?<\/title>\n<meta name=\"robots\" content=\"noindex, follow\" \/>\n<meta property=\"og:locale\" content=\"es_ES\" \/>\n<meta property=\"og:type\" content=\"article\" \/>\n<meta property=\"og:title\" content=\"Orden de interpretaci\u00f3n - \u00bfQu\u00e9 so\u00f1aste anoche?\" \/>\n<meta property=\"og:description\" content=\"ORDEN DE INTERPRETACI\u00d3N [wpforms id=\u00bb2449&#8243;]\" \/>\n<meta property=\"og:url\" content=\"https:\/\/kuanticos.org\/index.php\/orden-de-interpretacion\/\" \/>\n<meta property=\"og:site_name\" content=\"\u00bfQu\u00e9 so\u00f1aste anoche?\" \/>\n<meta property=\"article:modified_time\" content=\"2021-04-02T00:29:10+00:00\" \/>\n<meta name=\"twitter:card\" content=\"summary_large_image\" \/>\n<meta name=\"twitter:label1\" content=\"Tiempo de lectura\" \/>\n\t<meta name=\"twitter:data1\" content=\"1 minuto\" \/>\n<script type=\"application\/ld+json\" class=\"yoast-schema-graph\">{\"@context\":\"https:\\\/\\\/schema.org\",\"@graph\":[{\"@type\":\"WebPage\",\"@id\":\"https:\\\/\\\/kuanticos.org\\\/index.php\\\/orden-de-interpretacion\\\/\",\"url\":\"https:\\\/\\\/kuanticos.org\\\/index.php\\\/orden-de-interpretacion\\\/\",\"name\":\"Orden de interpretaci\u00f3n - \u00bfQu\u00e9 so\u00f1aste anoche?\",\"isPartOf\":{\"@id\":\"https:\\\/\\\/kuanticos.org\\\/#website\"},\"datePublished\":\"2021-03-13T22:35:15+00:00\",\"dateModified\":\"2021-04-02T00:29:10+00:00\",\"breadcrumb\":{\"@id\":\"https:\\\/\\\/kuanticos.org\\\/index.php\\\/orden-de-interpretacion\\\/#breadcrumb\"},\"inLanguage\":\"es\",\"potentialAction\":[{\"@type\":\"ReadAction\",\"target\":[\"https:\\\/\\\/kuanticos.org\\\/index.php\\\/orden-de-interpretacion\\\/\"]}]},{\"@type\":\"BreadcrumbList\",\"@id\":\"https:\\\/\\\/kuanticos.org\\\/index.php\\\/orden-de-interpretacion\\\/#breadcrumb\",\"itemListElement\":[{\"@type\":\"ListItem\",\"position\":1,\"name\":\"Portada\",\"item\":\"https:\\\/\\\/kuanticos.org\\\/\"},{\"@type\":\"ListItem\",\"position\":2,\"name\":\"Orden de interpretaci\u00f3n\"}]},{\"@type\":\"WebSite\",\"@id\":\"https:\\\/\\\/kuanticos.org\\\/#website\",\"url\":\"https:\\\/\\\/kuanticos.org\\\/\",\"name\":\"\u00bfQu\u00e9 so\u00f1aste anoche?\",\"description\":\"\",\"potentialAction\":[{\"@type\":\"SearchAction\",\"target\":{\"@type\":\"EntryPoint\",\"urlTemplate\":\"https:\\\/\\\/kuanticos.org\\\/?s={search_term_string}\"},\"query-input\":{\"@type\":\"PropertyValueSpecification\",\"valueRequired\":true,\"valueName\":\"search_term_string\"}}],\"inLanguage\":\"es\"}]}<\/script>\n<!-- \/ Yoast SEO plugin. -->","yoast_head_json":{"title":"Orden de interpretaci\u00f3n - \u00bfQu\u00e9 so\u00f1aste anoche?","robots":{"index":"noindex","follow":"follow"},"og_locale":"es_ES","og_type":"article","og_title":"Orden de interpretaci\u00f3n - \u00bfQu\u00e9 so\u00f1aste anoche?","og_description":"ORDEN DE INTERPRETACI\u00d3N [wpforms id=\u00bb2449&#8243;]","og_url":"https:\/\/kuanticos.org\/index.php\/orden-de-interpretacion\/","og_site_name":"\u00bfQu\u00e9 so\u00f1aste anoche?","article_modified_time":"2021-04-02T00:29:10+00:00","twitter_card":"summary_large_image","twitter_misc":{"Tiempo de lectura":"1 minuto"},"schema":{"@context":"https:\/\/schema.org","@graph":[{"@type":"WebPage","@id":"https:\/\/kuanticos.org\/index.php\/orden-de-interpretacion\/","url":"https:\/\/kuanticos.org\/index.php\/orden-de-interpretacion\/","name":"Orden de interpretaci\u00f3n - \u00bfQu\u00e9 so\u00f1aste anoche?","isPartOf":{"@id":"https:\/\/kuanticos.org\/#website"},"datePublished":"2021-03-13T22:35:15+00:00","dateModified":"2021-04-02T00:29:10+00:00","breadcrumb":{"@id":"https:\/\/kuanticos.org\/index.php\/orden-de-interpretacion\/#breadcrumb"},"inLanguage":"es","potentialAction":[{"@type":"ReadAction","target":["https:\/\/kuanticos.org\/index.php\/orden-de-interpretacion\/"]}]},{"@type":"BreadcrumbList","@id":"https:\/\/kuanticos.org\/index.php\/orden-de-interpretacion\/#breadcrumb","itemListElement":[{"@type":"ListItem","position":1,"name":"Portada","item":"https:\/\/kuanticos.org\/"},{"@type":"ListItem","position":2,"name":"Orden de interpretaci\u00f3n"}]},{"@type":"WebSite","@id":"https:\/\/kuanticos.org\/#website","url":"https:\/\/kuanticos.org\/","name":"\u00bfQu\u00e9 so\u00f1aste anoche?","description":"","potentialAction":[{"@type":"SearchAction","target":{"@type":"EntryPoint","urlTemplate":"https:\/\/kuanticos.org\/?s={search_term_string}"},"query-input":{"@type":"PropertyValueSpecification","valueRequired":true,"valueName":"search_term_string"}}],"inLanguage":"es"}]}},"_links":{"self":[{"href":"https:\/\/kuanticos.org\/index.php\/wp-json\/wp\/v2\/pages\/2102","targetHints":{"allow":["GET"]}}],"collection":[{"href":"https:\/\/kuanticos.org\/index.php\/wp-json\/wp\/v2\/pages"}],"about":[{"href":"https:\/\/kuanticos.org\/index.php\/wp-json\/wp\/v2\/types\/page"}],"author":[{"embeddable":true,"href":"https:\/\/kuanticos.org\/index.php\/wp-json\/wp\/v2\/users\/1"}],"replies":[{"embeddable":true,"href":"https:\/\/kuanticos.org\/index.php\/wp-json\/wp\/v2\/comments?post=2102"}],"version-history":[{"count":43,"href":"https:\/\/kuanticos.org\/index.php\/wp-json\/wp\/v2\/pages\/2102\/revisions"}],"predecessor-version":[{"id":3462,"href":"https:\/\/kuanticos.org\/index.php\/wp-json\/wp\/v2\/pages\/2102\/revisions\/3462"}],"wp:attachment":[{"href":"https:\/\/kuanticos.org\/index.php\/wp-json\/wp\/v2\/media?parent=2102"}],"curies":[{"name":"wp","href":"https:\/\/api.w.org\/{rel}","templated":true}]}}