{"id":2141,"date":"2021-03-14T07:30:44","date_gmt":"2021-03-14T12:30:44","guid":{"rendered":"http:\/\/kuanticos.org\/index.php\/registro-2\/"},"modified":"2022-06-13T19:56:43","modified_gmt":"2022-06-14T00:56:43","slug":"registro","status":"publish","type":"page","link":"https:\/\/kuanticos.org\/","title":{"rendered":"Registro"},"content":{"rendered":"\t\t<div data-elementor-type=\"wp-page\" data-elementor-id=\"2141\" class=\"elementor elementor-2141\">\n\t\t\t\t\t\t<section class=\"elementor-section elementor-top-section elementor-element elementor-element-1fcec3a elementor-section-stretched elementor-section-boxed elementor-section-height-default elementor-section-height-default\" data-id=\"1fcec3a\" data-element_type=\"section\" data-e-type=\"section\" data-settings=\"{&quot;background_background&quot;:&quot;classic&quot;,&quot;stretch_section&quot;:&quot;section-stretched&quot;}\">\n\t\t\t\t\t\t<div class=\"elementor-container elementor-column-gap-default\">\n\t\t\t\t\t<div class=\"elementor-column elementor-col-100 elementor-top-column elementor-element elementor-element-9d2ef31\" data-id=\"9d2ef31\" data-element_type=\"column\" data-e-type=\"column\">\n\t\t\t<div class=\"elementor-widget-wrap elementor-element-populated\">\n\t\t\t\t\t\t<section class=\"elementor-section elementor-inner-section elementor-element elementor-element-88fc2fa elementor-section-boxed elementor-section-height-default elementor-section-height-default\" data-id=\"88fc2fa\" data-element_type=\"section\" data-e-type=\"section\">\n\t\t\t\t\t\t<div class=\"elementor-container elementor-column-gap-default\">\n\t\t\t\t\t<div class=\"elementor-column elementor-col-50 elementor-inner-column elementor-element elementor-element-bf91a64\" data-id=\"bf91a64\" data-element_type=\"column\" data-e-type=\"column\">\n\t\t\t<div class=\"elementor-widget-wrap elementor-element-populated\">\n\t\t\t\t\t\t<div class=\"elementor-element elementor-element-ff6c1f1 elementor-widget elementor-widget-image\" data-id=\"ff6c1f1\" data-element_type=\"widget\" data-e-type=\"widget\" data-widget_type=\"image.default\">\n\t\t\t\t<div class=\"elementor-widget-container\">\n\t\t\t\t\t\t\t\t\t\t\t\t\t\t\t<img fetchpriority=\"high\" decoding=\"async\" width=\"580\" height=\"442\" src=\"https:\/\/kuanticos.org\/wp-content\/uploads\/2022\/06\/Comparte-mi-hobby-1.png\" class=\"attachment-large size-large wp-image-4336\" alt=\"\" srcset=\"https:\/\/kuanticos.org\/wp-content\/uploads\/2022\/06\/Comparte-mi-hobby-1.png 853w, https:\/\/kuanticos.org\/wp-content\/uploads\/2022\/06\/Comparte-mi-hobby-1-300x229.png 300w, https:\/\/kuanticos.org\/wp-content\/uploads\/2022\/06\/Comparte-mi-hobby-1-768x585.png 768w\" sizes=\"(max-width: 580px) 100vw, 580px\" \/>\t\t\t\t\t\t\t\t\t\t\t\t\t\t\t<\/div>\n\t\t\t\t<\/div>\n\t\t\t\t\t<\/div>\n\t\t<\/div>\n\t\t\t\t<div class=\"elementor-column elementor-col-50 elementor-inner-column elementor-element elementor-element-68521c2\" data-id=\"68521c2\" data-element_type=\"column\" data-e-type=\"column\">\n\t\t\t<div class=\"elementor-widget-wrap elementor-element-populated\">\n\t\t\t\t\t\t<div class=\"elementor-element elementor-element-6ee24fa elementor-widget elementor-widget-text-editor\" data-id=\"6ee24fa\" data-element_type=\"widget\" data-e-type=\"widget\" data-widget_type=\"text-editor.default\">\n\t\t\t\t<div class=\"elementor-widget-container\">\n\t\t\t\t\t\t\t\t\t<p><span style=\"color: #00ffff;\">\u00bfQu\u00e9 So\u00f1aste\u00a0Anoche?<\/span><span style=\"letter-spacing: -0.27px; color: #00ffff;\"><br \/><\/span><\/p>\t\t\t\t\t\t\t\t<\/div>\n\t\t\t\t<\/div>\n\t\t\t\t<div class=\"elementor-element elementor-element-651af19 elementor-widget elementor-widget-text-editor\" data-id=\"651af19\" data-element_type=\"widget\" data-e-type=\"widget\" data-widget_type=\"text-editor.default\">\n\t\t\t\t<div class=\"elementor-widget-container\">\n\t\t\t\t\t\t\t\t\t<p>Tu sue\u00f1o sucedi\u00f3 en una dimensi\u00f3n especial de tu mente a la que s\u00f3lo t\u00fa tuviste ingreso y en la que tu verdadero ser se expres\u00f3 sin restricciones, libre de moralismos, con el \u00fanico fin de transmitirte mensajes relacionados con sucesos, experiencias y situaciones pasadas, presentes o futuras de tu vida.<\/p><p style=\"text-align: right;\">Jos\u00e9 Rafael<\/p>\t\t\t\t\t\t\t\t<\/div>\n\t\t\t\t<\/div>\n\t\t\t\t\t<\/div>\n\t\t<\/div>\n\t\t\t\t\t<\/div>\n\t\t<\/section>\n\t\t\t\t<div class=\"elementor-element elementor-element-8c6c614 elementor-widget elementor-widget-text-editor\" data-id=\"8c6c614\" data-element_type=\"widget\" data-e-type=\"widget\" data-widget_type=\"text-editor.default\">\n\t\t\t\t<div class=\"elementor-widget-container\">\n\t\t\t\t\t\t\t\t\t<p>Sea&nbsp; un sue\u00f1o \u00edntimo, loco, \u00abnormal\u00bb o recurrente, en una situaci\u00f3n irreal,&nbsp;<br>con muchas im\u00e1genes sacadas de un universo en donde prima la fantas\u00eda&#8230;<\/p>\t\t\t\t\t\t\t\t<\/div>\n\t\t\t\t<\/div>\n\t\t\t\t<div class=\"elementor-element elementor-element-3a071d5 elementor-widget elementor-widget-text-editor\" data-id=\"3a071d5\" data-element_type=\"widget\" data-e-type=\"widget\" data-widget_type=\"text-editor.default\">\n\t\t\t\t<div class=\"elementor-widget-container\">\n\t\t\t\t\t\t\t\t\t<p><span style=\"letter-spacing: -0.27px; color: #00ffff;\">Cu\u00e9ntame tu sue\u00f1o.<br \/><\/span><\/p>\t\t\t\t\t\t\t\t<\/div>\n\t\t\t\t<\/div>\n\t\t\t\t<div class=\"elementor-element elementor-element-3d6f2ef elementor-widget elementor-widget-text-editor\" data-id=\"3d6f2ef\" data-element_type=\"widget\" data-e-type=\"widget\" data-widget_type=\"text-editor.default\">\n\t\t\t\t<div class=\"elementor-widget-container\">\n\t\t\t\t\t\t\t\t\t<p>Los datos solicitados son confidenciales y necesarios para la interpretaci\u00f3n de tus sue\u00f1os,&nbsp;<br>al dar enviar aceptas nuestros t\u00e9rminos y condiciones.<\/p>\t\t\t\t\t\t\t\t<\/div>\n\t\t\t\t<\/div>\n\t\t\t\t<section class=\"elementor-section elementor-inner-section elementor-element elementor-element-8b222b5 elementor-section-boxed elementor-section-height-default elementor-section-height-default\" data-id=\"8b222b5\" data-element_type=\"section\" data-e-type=\"section\" data-settings=\"{&quot;background_background&quot;:&quot;gradient&quot;}\">\n\t\t\t\t\t\t<div class=\"elementor-container elementor-column-gap-default\">\n\t\t\t\t\t<div class=\"elementor-column elementor-col-100 elementor-inner-column elementor-element elementor-element-79f20a6\" data-id=\"79f20a6\" data-element_type=\"column\" data-e-type=\"column\">\n\t\t\t<div class=\"elementor-widget-wrap elementor-element-populated\">\n\t\t\t\t\t\t<div class=\"elementor-element elementor-element-5317cd6 elementor-button-align-end elementor-hidden-phone elementor-widget elementor-widget-form\" data-id=\"5317cd6\" data-element_type=\"widget\" data-e-type=\"widget\" data-settings=\"{&quot;step_next_label&quot;:&quot;Next&quot;,&quot;step_previous_label&quot;:&quot;Previous&quot;,&quot;button_width&quot;:&quot;20&quot;,&quot;step_type&quot;:&quot;number_text&quot;,&quot;step_icon_shape&quot;:&quot;circle&quot;}\" data-widget_type=\"form.default\">\n\t\t\t\t<div class=\"elementor-widget-container\">\n\t\t\t\t\t\t\t<form class=\"elementor-form\" method=\"post\" name=\"Registro\">\n\t\t\t<input type=\"hidden\" name=\"post_id\" value=\"2141\"\/>\n\t\t\t<input type=\"hidden\" name=\"form_id\" value=\"5317cd6\"\/>\n\t\t\t<input type=\"hidden\" name=\"referer_title\" value=\"\u00bfQu\u00e9 so\u00f1aste anoche?\" \/>\n\n\t\t\t\n\t\t\t<div class=\"elementor-form-fields-wrapper elementor-labels-above\">\n\t\t\t\t\t\t\t\t<div class=\"elementor-field-type-textarea elementor-field-group elementor-column elementor-field-group-message elementor-col-50 elementor-field-required\">\n\t\t\t\t\t<label for=\"form-field-message\" class=\"elementor-field-label\">Escribe sin omitir detalles<\/label><textarea class=\"elementor-field-textual elementor-field  elementor-size-sm\" name=\"form_fields[message]\" id=\"form-field-message\" rows=\"4\" placeholder=\"Escribe sin omitir detalles\" required=\"required\" aria-required=\"true\"><\/textarea>\t\t\t\t<\/div>\n\t\t\t\t\t\t\t\t<div class=\"elementor-field-type-radio elementor-field-group elementor-column elementor-field-group-field_8782660 elementor-col-50 elementor-field-required\">\n\t\t\t\t\t<label for=\"form-field-field_8782660\" class=\"elementor-field-label\">Clasifica tu sue\u00f1o<\/label><div class=\"elementor-field-subgroup  elementor-subgroup-inline\"><span class=\"elementor-field-option\"><input type=\"radio\" value=\"Normal\" id=\"form-field-field_8782660-0\" name=\"form_fields[field_8782660]\" required=\"required\" aria-required=\"true\"> <label for=\"form-field-field_8782660-0\">Normal<\/label><\/span><span class=\"elementor-field-option\"><input type=\"radio\" value=\"Recurrente\" id=\"form-field-field_8782660-1\" name=\"form_fields[field_8782660]\" required=\"required\" aria-required=\"true\"> <label for=\"form-field-field_8782660-1\">Recurrente<\/label><\/span><span class=\"elementor-field-option\"><input type=\"radio\" value=\"Sucesivo\" id=\"form-field-field_8782660-2\" name=\"form_fields[field_8782660]\" required=\"required\" aria-required=\"true\"> <label for=\"form-field-field_8782660-2\">Sucesivo<\/label><\/span><span class=\"elementor-field-option\"><input type=\"radio\" value=\"Pesadilla\" id=\"form-field-field_8782660-3\" name=\"form_fields[field_8782660]\" required=\"required\" aria-required=\"true\"> <label for=\"form-field-field_8782660-3\">Pesadilla<\/label><\/span><\/div>\t\t\t\t<\/div>\n\t\t\t\t\t\t\t\t<div class=\"elementor-field-type-text elementor-field-group elementor-column elementor-field-group-name elementor-col-50 elementor-field-required\">\n\t\t\t\t\t<label for=\"form-field-name\" class=\"elementor-field-label\">Nombre(s) Apellido(s)<\/label><input size=\"1\" type=\"text\" name=\"form_fields[name]\" id=\"form-field-name\" class=\"elementor-field elementor-size-sm  elementor-field-textual\" placeholder=\"Name\" required=\"required\" aria-required=\"true\">\t\t\t\t<\/div>\n\t\t\t\t\t\t\t\t<div class=\"elementor-field-type-email elementor-field-group elementor-column elementor-field-group-email elementor-col-50 elementor-field-required\">\n\t\t\t\t\t<label for=\"form-field-email\" class=\"elementor-field-label\">Correo electr\u00f3nico<\/label><input size=\"1\" type=\"email\" name=\"form_fields[email]\" id=\"form-field-email\" class=\"elementor-field elementor-size-sm  elementor-field-textual\" placeholder=\"Email\" required=\"required\" aria-required=\"true\">\t\t\t\t<\/div>\n\t\t\t\t\t\t\t\t<div class=\"elementor-field-type-password elementor-field-group elementor-column elementor-field-group-field_4e8cc4c elementor-col-50 elementor-field-required\">\n\t\t\t\t\t<label for=\"form-field-field_4e8cc4c\" class=\"elementor-field-label\">Contrase\u00f1a<\/label><input size=\"1\" type=\"password\" name=\"form_fields[field_4e8cc4c]\" id=\"form-field-field_4e8cc4c\" class=\"elementor-field elementor-size-sm  elementor-field-textual\" placeholder=\"Password\" required=\"required\" aria-required=\"true\">\t\t\t\t<\/div>\n\t\t\t\t\t\t\t\t<div class=\"elementor-field-type-tel elementor-field-group elementor-column elementor-field-group-field_e02f1b9 elementor-col-50 elementor-field-required\">\n\t\t\t\t\t<label for=\"form-field-field_e02f1b9\" class=\"elementor-field-label\">Celular - WhatsApp - Telegram<\/label><input size=\"1\" type=\"tel\" name=\"form_fields[field_e02f1b9]\" id=\"form-field-field_e02f1b9\" class=\"elementor-field elementor-size-sm  elementor-field-textual\" required=\"required\" aria-required=\"true\" pattern=\"[0-9()#&amp;+*-=.]+\" title=\"Only numbers and phone characters (#, -, *, etc) are accepted.\">\t\t\t\t<\/div>\n\t\t\t\t\t\t\t\t<div class=\"elementor-field-group elementor-column elementor-field-type-submit elementor-col-20 e-form__buttons\">\n\t\t\t\t\t<button type=\"submit\" class=\"elementor-button elementor-size-sm\">\n\t\t\t\t\t\t<span >\n\t\t\t\t\t\t\t\t\t\t\t\t\t\t\t<span class=\" elementor-button-icon\">\n\t\t\t\t\t\t\t\t\t\t\t\t\t\t\t\t\t\t\t\t\t\t\t\t\t\t<\/span>\n\t\t\t\t\t\t\t\t\t\t\t\t\t\t\t\t\t\t\t\t\t\t<span class=\"elementor-button-text\">Enviar<\/span>\n\t\t\t\t\t\t\t\t\t\t\t\t\t<\/span>\n\t\t\t\t\t<\/button>\n\t\t\t\t<\/div>\n\t\t\t<\/div>\n\t\t<\/form>\n\t\t\t\t\t\t<\/div>\n\t\t\t\t<\/div>\n\t\t\t\t<div class=\"elementor-element elementor-element-e456d96 elementor-button-align-center elementor-hidden-desktop elementor-hidden-tablet elementor-widget elementor-widget-form\" data-id=\"e456d96\" data-element_type=\"widget\" data-e-type=\"widget\" data-settings=\"{&quot;step_next_label&quot;:&quot;Next&quot;,&quot;step_previous_label&quot;:&quot;Previous&quot;,&quot;button_width&quot;:&quot;20&quot;,&quot;step_type&quot;:&quot;number_text&quot;,&quot;step_icon_shape&quot;:&quot;circle&quot;}\" data-widget_type=\"form.default\">\n\t\t\t\t<div class=\"elementor-widget-container\">\n\t\t\t\t\t\t\t<form class=\"elementor-form\" method=\"post\" name=\"Registro\">\n\t\t\t<input type=\"hidden\" name=\"post_id\" value=\"2141\"\/>\n\t\t\t<input type=\"hidden\" name=\"form_id\" value=\"e456d96\"\/>\n\t\t\t<input type=\"hidden\" name=\"referer_title\" value=\"\u00bfQu\u00e9 so\u00f1aste anoche?\" \/>\n\n\t\t\t\n\t\t\t<div class=\"elementor-form-fields-wrapper elementor-labels-above\">\n\t\t\t\t\t\t\t\t<div class=\"elementor-field-type-textarea elementor-field-group elementor-column elementor-field-group-message elementor-col-50 elementor-field-required\">\n\t\t\t\t\t<label for=\"form-field-message\" class=\"elementor-field-label\">Escribe sin omitir detalles<\/label><textarea class=\"elementor-field-textual elementor-field  elementor-size-sm\" name=\"form_fields[message]\" id=\"form-field-message\" rows=\"4\" placeholder=\"Escribe sin omitir detalles\" required=\"required\" aria-required=\"true\"><\/textarea>\t\t\t\t<\/div>\n\t\t\t\t\t\t\t\t<div class=\"elementor-field-type-radio elementor-field-group elementor-column elementor-field-group-field_8782660 elementor-col-50 elementor-field-required\">\n\t\t\t\t\t<label for=\"form-field-field_8782660\" class=\"elementor-field-label\">Clasifica tu sue\u00f1o<\/label><div class=\"elementor-field-subgroup  elementor-subgroup-inline\"><span class=\"elementor-field-option\"><input type=\"radio\" value=\"Normal\" id=\"form-field-field_8782660-0\" name=\"form_fields[field_8782660]\" required=\"required\" aria-required=\"true\"> <label for=\"form-field-field_8782660-0\">Normal<\/label><\/span><span class=\"elementor-field-option\"><input type=\"radio\" value=\"Recurrente\" id=\"form-field-field_8782660-1\" name=\"form_fields[field_8782660]\" required=\"required\" aria-required=\"true\"> <label for=\"form-field-field_8782660-1\">Recurrente<\/label><\/span><span class=\"elementor-field-option\"><input type=\"radio\" value=\"Sucesivo\" id=\"form-field-field_8782660-2\" name=\"form_fields[field_8782660]\" required=\"required\" aria-required=\"true\"> <label for=\"form-field-field_8782660-2\">Sucesivo<\/label><\/span><span class=\"elementor-field-option\"><input type=\"radio\" value=\"Pesadilla\" id=\"form-field-field_8782660-3\" name=\"form_fields[field_8782660]\" required=\"required\" aria-required=\"true\"> <label for=\"form-field-field_8782660-3\">Pesadilla<\/label><\/span><\/div>\t\t\t\t<\/div>\n\t\t\t\t\t\t\t\t<div class=\"elementor-field-type-text elementor-field-group elementor-column elementor-field-group-name elementor-col-50 elementor-field-required\">\n\t\t\t\t\t<label for=\"form-field-name\" class=\"elementor-field-label\">Nombre(s) Apellido(s)<\/label><input size=\"1\" type=\"text\" name=\"form_fields[name]\" id=\"form-field-name\" class=\"elementor-field elementor-size-sm  elementor-field-textual\" placeholder=\"Name\" required=\"required\" aria-required=\"true\">\t\t\t\t<\/div>\n\t\t\t\t\t\t\t\t<div class=\"elementor-field-type-email elementor-field-group elementor-column elementor-field-group-email elementor-col-50 elementor-field-required\">\n\t\t\t\t\t<label for=\"form-field-email\" class=\"elementor-field-label\">Correo electr\u00f3nico<\/label><input size=\"1\" type=\"email\" name=\"form_fields[email]\" id=\"form-field-email\" class=\"elementor-field elementor-size-sm  elementor-field-textual\" placeholder=\"Email\" required=\"required\" aria-required=\"true\">\t\t\t\t<\/div>\n\t\t\t\t\t\t\t\t<div class=\"elementor-field-type-password elementor-field-group elementor-column elementor-field-group-field_4e8cc4c elementor-col-50 elementor-field-required\">\n\t\t\t\t\t<label for=\"form-field-field_4e8cc4c\" class=\"elementor-field-label\">Contrase\u00f1a<\/label><input size=\"1\" type=\"password\" name=\"form_fields[field_4e8cc4c]\" id=\"form-field-field_4e8cc4c\" class=\"elementor-field elementor-size-sm  elementor-field-textual\" placeholder=\"Password\" required=\"required\" aria-required=\"true\">\t\t\t\t<\/div>\n\t\t\t\t\t\t\t\t<div class=\"elementor-field-type-tel elementor-field-group elementor-column elementor-field-group-field_e02f1b9 elementor-col-50 elementor-field-required\">\n\t\t\t\t\t<label for=\"form-field-field_e02f1b9\" class=\"elementor-field-label\">Celular - WhatsApp - Telegram<\/label><input size=\"1\" type=\"tel\" name=\"form_fields[field_e02f1b9]\" id=\"form-field-field_e02f1b9\" class=\"elementor-field elementor-size-sm  elementor-field-textual\" required=\"required\" aria-required=\"true\" pattern=\"[0-9()#&amp;+*-=.]+\" title=\"Only numbers and phone characters (#, -, *, etc) are accepted.\">\t\t\t\t<\/div>\n\t\t\t\t\t\t\t\t<div class=\"elementor-field-group elementor-column elementor-field-type-submit elementor-col-20 e-form__buttons\">\n\t\t\t\t\t<button type=\"submit\" class=\"elementor-button elementor-size-sm\">\n\t\t\t\t\t\t<span >\n\t\t\t\t\t\t\t\t\t\t\t\t\t\t\t<span class=\" elementor-button-icon\">\n\t\t\t\t\t\t\t\t\t\t\t\t\t\t\t\t\t\t\t\t\t\t\t\t\t\t<\/span>\n\t\t\t\t\t\t\t\t\t\t\t\t\t\t\t\t\t\t\t\t\t\t<span class=\"elementor-button-text\">Enviar<\/span>\n\t\t\t\t\t\t\t\t\t\t\t\t\t<\/span>\n\t\t\t\t\t<\/button>\n\t\t\t\t<\/div>\n\t\t\t<\/div>\n\t\t<\/form>\n\t\t\t\t\t\t<\/div>\n\t\t\t\t<\/div>\n\t\t\t\t\t<\/div>\n\t\t<\/div>\n\t\t\t\t\t<\/div>\n\t\t<\/section>\n\t\t\t\t\t<\/div>\n\t\t<\/div>\n\t\t\t\t\t<\/div>\n\t\t<\/section>\n\t\t\t\t<\/div>\n\t\t","protected":false},"excerpt":{"rendered":"<p>\u00bfQu\u00e9 So\u00f1aste\u00a0Anoche? Tu sue\u00f1o sucedi\u00f3 en una dimensi\u00f3n especial de tu mente a la que s\u00f3lo t\u00fa tuviste ingreso y en la que tu verdadero ser se expres\u00f3 sin restricciones, libre de moralismos, con el \u00fanico fin de transmitirte mensajes relacionados con sucesos, experiencias y situaciones pasadas, presentes o futuras de tu vida. Jos\u00e9 Rafael [&hellip;]<\/p>\n","protected":false},"author":1,"featured_media":0,"parent":0,"menu_order":0,"comment_status":"closed","ping_status":"closed","template":"elementor_header_footer","meta":{"footnotes":""},"class_list":["post-2141","page","type-page","status-publish","hentry"],"yoast_head":"<!-- This site is optimized with the Yoast SEO plugin v27.4 - https:\/\/yoast.com\/product\/yoast-seo-wordpress\/ -->\n<title>Registro - \u00bfQu\u00e9 so\u00f1aste anoche?<\/title>\n<meta name=\"robots\" content=\"noindex, follow\" \/>\n<meta property=\"og:locale\" content=\"es_ES\" \/>\n<meta property=\"og:type\" content=\"article\" \/>\n<meta property=\"og:title\" content=\"Registro - \u00bfQu\u00e9 so\u00f1aste anoche?\" \/>\n<meta property=\"og:description\" content=\"\u00bfQu\u00e9 So\u00f1aste\u00a0Anoche? Tu sue\u00f1o sucedi\u00f3 en una dimensi\u00f3n especial de tu mente a la que s\u00f3lo t\u00fa tuviste ingreso y en la que tu verdadero ser se expres\u00f3 sin restricciones, libre de moralismos, con el \u00fanico fin de transmitirte mensajes relacionados con sucesos, experiencias y situaciones pasadas, presentes o futuras de tu vida. Jos\u00e9 Rafael [&hellip;]\" \/>\n<meta property=\"og:url\" content=\"https:\/\/kuanticos.org\/\" \/>\n<meta property=\"og:site_name\" content=\"\u00bfQu\u00e9 so\u00f1aste anoche?\" \/>\n<meta property=\"article:modified_time\" content=\"2022-06-14T00:56:43+00:00\" \/>\n<meta property=\"og:image\" content=\"https:\/\/kuanticos.org\/wp-content\/uploads\/2022\/06\/Comparte-mi-hobby-1.png\" \/>\n<meta name=\"twitter:card\" content=\"summary_large_image\" \/>\n<meta name=\"twitter:label1\" content=\"Tiempo de lectura\" \/>\n\t<meta name=\"twitter:data1\" content=\"1 minuto\" \/>\n<script type=\"application\/ld+json\" class=\"yoast-schema-graph\">{\"@context\":\"https:\\\/\\\/schema.org\",\"@graph\":[{\"@type\":\"WebPage\",\"@id\":\"https:\\\/\\\/kuanticos.org\\\/\",\"url\":\"https:\\\/\\\/kuanticos.org\\\/\",\"name\":\"Registro - \u00bfQu\u00e9 so\u00f1aste anoche?\",\"isPartOf\":{\"@id\":\"https:\\\/\\\/kuanticos.org\\\/#website\"},\"primaryImageOfPage\":{\"@id\":\"https:\\\/\\\/kuanticos.org\\\/#primaryimage\"},\"image\":{\"@id\":\"https:\\\/\\\/kuanticos.org\\\/#primaryimage\"},\"thumbnailUrl\":\"https:\\\/\\\/kuanticos.org\\\/wp-content\\\/uploads\\\/2022\\\/06\\\/Comparte-mi-hobby-1.png\",\"datePublished\":\"2021-03-14T12:30:44+00:00\",\"dateModified\":\"2022-06-14T00:56:43+00:00\",\"breadcrumb\":{\"@id\":\"https:\\\/\\\/kuanticos.org\\\/#breadcrumb\"},\"inLanguage\":\"es\",\"potentialAction\":[{\"@type\":\"ReadAction\",\"target\":[\"https:\\\/\\\/kuanticos.org\\\/\"]}]},{\"@type\":\"ImageObject\",\"inLanguage\":\"es\",\"@id\":\"https:\\\/\\\/kuanticos.org\\\/#primaryimage\",\"url\":\"https:\\\/\\\/kuanticos.org\\\/wp-content\\\/uploads\\\/2022\\\/06\\\/Comparte-mi-hobby-1.png\",\"contentUrl\":\"https:\\\/\\\/kuanticos.org\\\/wp-content\\\/uploads\\\/2022\\\/06\\\/Comparte-mi-hobby-1.png\",\"width\":853,\"height\":650},{\"@type\":\"BreadcrumbList\",\"@id\":\"https:\\\/\\\/kuanticos.org\\\/#breadcrumb\",\"itemListElement\":[{\"@type\":\"ListItem\",\"position\":1,\"name\":\"Portada\",\"item\":\"https:\\\/\\\/kuanticos.org\\\/\"},{\"@type\":\"ListItem\",\"position\":2,\"name\":\"Registro\"}]},{\"@type\":\"WebSite\",\"@id\":\"https:\\\/\\\/kuanticos.org\\\/#website\",\"url\":\"https:\\\/\\\/kuanticos.org\\\/\",\"name\":\"\u00bfQu\u00e9 so\u00f1aste anoche?\",\"description\":\"\",\"potentialAction\":[{\"@type\":\"SearchAction\",\"target\":{\"@type\":\"EntryPoint\",\"urlTemplate\":\"https:\\\/\\\/kuanticos.org\\\/?s={search_term_string}\"},\"query-input\":{\"@type\":\"PropertyValueSpecification\",\"valueRequired\":true,\"valueName\":\"search_term_string\"}}],\"inLanguage\":\"es\"}]}<\/script>\n<!-- \/ Yoast SEO plugin. -->","yoast_head_json":{"title":"Registro - \u00bfQu\u00e9 so\u00f1aste anoche?","robots":{"index":"noindex","follow":"follow"},"og_locale":"es_ES","og_type":"article","og_title":"Registro - \u00bfQu\u00e9 so\u00f1aste anoche?","og_description":"\u00bfQu\u00e9 So\u00f1aste\u00a0Anoche? Tu sue\u00f1o sucedi\u00f3 en una dimensi\u00f3n especial de tu mente a la que s\u00f3lo t\u00fa tuviste ingreso y en la que tu verdadero ser se expres\u00f3 sin restricciones, libre de moralismos, con el \u00fanico fin de transmitirte mensajes relacionados con sucesos, experiencias y situaciones pasadas, presentes o futuras de tu vida. Jos\u00e9 Rafael [&hellip;]","og_url":"https:\/\/kuanticos.org\/","og_site_name":"\u00bfQu\u00e9 so\u00f1aste anoche?","article_modified_time":"2022-06-14T00:56:43+00:00","og_image":[{"url":"https:\/\/kuanticos.org\/wp-content\/uploads\/2022\/06\/Comparte-mi-hobby-1.png","type":"","width":"","height":""}],"twitter_card":"summary_large_image","twitter_misc":{"Tiempo de lectura":"1 minuto"},"schema":{"@context":"https:\/\/schema.org","@graph":[{"@type":"WebPage","@id":"https:\/\/kuanticos.org\/","url":"https:\/\/kuanticos.org\/","name":"Registro - \u00bfQu\u00e9 so\u00f1aste anoche?","isPartOf":{"@id":"https:\/\/kuanticos.org\/#website"},"primaryImageOfPage":{"@id":"https:\/\/kuanticos.org\/#primaryimage"},"image":{"@id":"https:\/\/kuanticos.org\/#primaryimage"},"thumbnailUrl":"https:\/\/kuanticos.org\/wp-content\/uploads\/2022\/06\/Comparte-mi-hobby-1.png","datePublished":"2021-03-14T12:30:44+00:00","dateModified":"2022-06-14T00:56:43+00:00","breadcrumb":{"@id":"https:\/\/kuanticos.org\/#breadcrumb"},"inLanguage":"es","potentialAction":[{"@type":"ReadAction","target":["https:\/\/kuanticos.org\/"]}]},{"@type":"ImageObject","inLanguage":"es","@id":"https:\/\/kuanticos.org\/#primaryimage","url":"https:\/\/kuanticos.org\/wp-content\/uploads\/2022\/06\/Comparte-mi-hobby-1.png","contentUrl":"https:\/\/kuanticos.org\/wp-content\/uploads\/2022\/06\/Comparte-mi-hobby-1.png","width":853,"height":650},{"@type":"BreadcrumbList","@id":"https:\/\/kuanticos.org\/#breadcrumb","itemListElement":[{"@type":"ListItem","position":1,"name":"Portada","item":"https:\/\/kuanticos.org\/"},{"@type":"ListItem","position":2,"name":"Registro"}]},{"@type":"WebSite","@id":"https:\/\/kuanticos.org\/#website","url":"https:\/\/kuanticos.org\/","name":"\u00bfQu\u00e9 so\u00f1aste anoche?","description":"","potentialAction":[{"@type":"SearchAction","target":{"@type":"EntryPoint","urlTemplate":"https:\/\/kuanticos.org\/?s={search_term_string}"},"query-input":{"@type":"PropertyValueSpecification","valueRequired":true,"valueName":"search_term_string"}}],"inLanguage":"es"}]}},"_links":{"self":[{"href":"https:\/\/kuanticos.org\/index.php\/wp-json\/wp\/v2\/pages\/2141","targetHints":{"allow":["GET"]}}],"collection":[{"href":"https:\/\/kuanticos.org\/index.php\/wp-json\/wp\/v2\/pages"}],"about":[{"href":"https:\/\/kuanticos.org\/index.php\/wp-json\/wp\/v2\/types\/page"}],"author":[{"embeddable":true,"href":"https:\/\/kuanticos.org\/index.php\/wp-json\/wp\/v2\/users\/1"}],"replies":[{"embeddable":true,"href":"https:\/\/kuanticos.org\/index.php\/wp-json\/wp\/v2\/comments?post=2141"}],"version-history":[{"count":125,"href":"https:\/\/kuanticos.org\/index.php\/wp-json\/wp\/v2\/pages\/2141\/revisions"}],"predecessor-version":[{"id":4456,"href":"https:\/\/kuanticos.org\/index.php\/wp-json\/wp\/v2\/pages\/2141\/revisions\/4456"}],"wp:attachment":[{"href":"https:\/\/kuanticos.org\/index.php\/wp-json\/wp\/v2\/media?parent=2141"}],"curies":[{"name":"wp","href":"https:\/\/api.w.org\/{rel}","templated":true}]}}