{"id":2827,"date":"2021-03-23T13:10:46","date_gmt":"2021-03-23T18:10:46","guid":{"rendered":"http:\/\/kuanticos.org\/?page_id=2827"},"modified":"2021-04-22T15:01:28","modified_gmt":"2021-04-22T20:01:28","slug":"suenoteca-kuantica","status":"publish","type":"page","link":"https:\/\/kuanticos.org\/index.php\/suenoteca-kuantica\/","title":{"rendered":"Sue\u00f1oteca Ku\u00e1ntica"},"content":{"rendered":"","protected":true},"excerpt":{"rendered":"","protected":true},"author":1,"featured_media":0,"parent":0,"menu_order":0,"comment_status":"closed","ping_status":"closed","template":"elementor_header_footer","meta":{"footnotes":""},"class_list":["post-2827","page","type-page","status-publish","post-password-required","hentry"],"yoast_head":"<!-- This site is optimized with the Yoast SEO plugin v27.4 - https:\/\/yoast.com\/product\/yoast-seo-wordpress\/ -->\n<title>Sue\u00f1oteca Ku\u00e1ntica - \u00bfQu\u00e9 so\u00f1aste anoche?<\/title>\n<meta name=\"robots\" content=\"noindex, follow\" \/>\n<meta property=\"og:locale\" content=\"es_ES\" \/>\n<meta property=\"og:type\" content=\"article\" \/>\n<meta property=\"og:title\" content=\"Sue\u00f1oteca Ku\u00e1ntica - \u00bfQu\u00e9 so\u00f1aste anoche?\" \/>\n<meta property=\"og:description\" content=\"No hay extracto porque es una entrada protegida.\" \/>\n<meta property=\"og:url\" content=\"https:\/\/kuanticos.org\/index.php\/suenoteca-kuantica\/\" \/>\n<meta property=\"og:site_name\" content=\"\u00bfQu\u00e9 so\u00f1aste anoche?\" \/>\n<meta property=\"article:modified_time\" content=\"2021-04-22T20:01:28+00:00\" \/>\n<meta name=\"twitter:card\" content=\"summary_large_image\" \/>\n<script type=\"application\/ld+json\" class=\"yoast-schema-graph\">{\"@context\":\"https:\\\/\\\/schema.org\",\"@graph\":[{\"@type\":\"WebPage\",\"@id\":\"https:\\\/\\\/kuanticos.org\\\/index.php\\\/suenoteca-kuantica\\\/\",\"url\":\"https:\\\/\\\/kuanticos.org\\\/index.php\\\/suenoteca-kuantica\\\/\",\"name\":\"Sue\u00f1oteca Ku\u00e1ntica - \u00bfQu\u00e9 so\u00f1aste anoche?\",\"isPartOf\":{\"@id\":\"https:\\\/\\\/kuanticos.org\\\/#website\"},\"datePublished\":\"2021-03-23T18:10:46+00:00\",\"dateModified\":\"2021-04-22T20:01:28+00:00\",\"breadcrumb\":{\"@id\":\"https:\\\/\\\/kuanticos.org\\\/index.php\\\/suenoteca-kuantica\\\/#breadcrumb\"},\"inLanguage\":\"es\"},{\"@type\":\"WebSite\",\"@id\":\"https:\\\/\\\/kuanticos.org\\\/#website\",\"url\":\"https:\\\/\\\/kuanticos.org\\\/\",\"name\":\"\u00bfQu\u00e9 so\u00f1aste anoche?\",\"description\":\"\",\"potentialAction\":[{\"@type\":\"SearchAction\",\"target\":{\"@type\":\"EntryPoint\",\"urlTemplate\":\"https:\\\/\\\/kuanticos.org\\\/?s={search_term_string}\"},\"query-input\":{\"@type\":\"PropertyValueSpecification\",\"valueRequired\":true,\"valueName\":\"search_term_string\"}}],\"inLanguage\":\"es\"}]}<\/script>\n<!-- \/ Yoast SEO plugin. -->","yoast_head_json":{"title":"Sue\u00f1oteca Ku\u00e1ntica - \u00bfQu\u00e9 so\u00f1aste anoche?","robots":{"index":"noindex","follow":"follow"},"og_locale":"es_ES","og_type":"article","og_title":"Sue\u00f1oteca Ku\u00e1ntica - \u00bfQu\u00e9 so\u00f1aste anoche?","og_description":"No hay extracto porque es una entrada protegida.","og_url":"https:\/\/kuanticos.org\/index.php\/suenoteca-kuantica\/","og_site_name":"\u00bfQu\u00e9 so\u00f1aste anoche?","article_modified_time":"2021-04-22T20:01:28+00:00","twitter_card":"summary_large_image","schema":{"@context":"https:\/\/schema.org","@graph":[{"@type":"WebPage","@id":"https:\/\/kuanticos.org\/index.php\/suenoteca-kuantica\/","url":"https:\/\/kuanticos.org\/index.php\/suenoteca-kuantica\/","name":"Sue\u00f1oteca Ku\u00e1ntica - \u00bfQu\u00e9 so\u00f1aste anoche?","isPartOf":{"@id":"https:\/\/kuanticos.org\/#website"},"datePublished":"2021-03-23T18:10:46+00:00","dateModified":"2021-04-22T20:01:28+00:00","breadcrumb":{"@id":"https:\/\/kuanticos.org\/index.php\/suenoteca-kuantica\/#breadcrumb"},"inLanguage":"es"},{"@type":"WebSite","@id":"https:\/\/kuanticos.org\/#website","url":"https:\/\/kuanticos.org\/","name":"\u00bfQu\u00e9 so\u00f1aste anoche?","description":"","potentialAction":[{"@type":"SearchAction","target":{"@type":"EntryPoint","urlTemplate":"https:\/\/kuanticos.org\/?s={search_term_string}"},"query-input":{"@type":"PropertyValueSpecification","valueRequired":true,"valueName":"search_term_string"}}],"inLanguage":"es"}]}},"_links":{"self":[{"href":"https:\/\/kuanticos.org\/index.php\/wp-json\/wp\/v2\/pages\/2827","targetHints":{"allow":["GET"]}}],"collection":[{"href":"https:\/\/kuanticos.org\/index.php\/wp-json\/wp\/v2\/pages"}],"about":[{"href":"https:\/\/kuanticos.org\/index.php\/wp-json\/wp\/v2\/types\/page"}],"author":[{"embeddable":true,"href":"https:\/\/kuanticos.org\/index.php\/wp-json\/wp\/v2\/users\/1"}],"replies":[{"embeddable":true,"href":"https:\/\/kuanticos.org\/index.php\/wp-json\/wp\/v2\/comments?post=2827"}],"version-history":[{"count":20,"href":"https:\/\/kuanticos.org\/index.php\/wp-json\/wp\/v2\/pages\/2827\/revisions"}],"predecessor-version":[{"id":3774,"href":"https:\/\/kuanticos.org\/index.php\/wp-json\/wp\/v2\/pages\/2827\/revisions\/3774"}],"wp:attachment":[{"href":"https:\/\/kuanticos.org\/index.php\/wp-json\/wp\/v2\/media?parent=2827"}],"curies":[{"name":"wp","href":"https:\/\/api.w.org\/{rel}","templated":true}]}}